{"id":1471,"date":"2024-01-29T15:34:34","date_gmt":"2024-01-29T14:34:34","guid":{"rendered":"https:\/\/swisswebstudio.com\/dankeschoen\/"},"modified":"2024-01-29T15:35:30","modified_gmt":"2024-01-29T14:35:30","slug":"dankeschoen","status":"publish","type":"page","link":"https:\/\/swisswebstudio.com\/de\/dankeschoen\/","title":{"rendered":"Dankesch\u00f6n"},"content":{"rendered":"\t\t<div data-elementor-type=\"wp-page\" data-elementor-id=\"1471\" class=\"elementor elementor-1471 elementor-1464\" data-elementor-post-type=\"page\">\n\t\t\t\t\t\t<section class=\"elementor-section elementor-top-section elementor-element elementor-element-3a8ec0c elementor-section-height-min-height elementor-section-content-middle elementor-section-boxed elementor-section-height-default elementor-section-items-middle\" data-id=\"3a8ec0c\" data-element_type=\"section\" data-e-type=\"section\" data-settings=\"{&quot;background_background&quot;:&quot;classic&quot;}\">\n\t\t\t\t\t\t\t<div class=\"elementor-background-overlay\"><\/div>\n\t\t\t\t\t\t\t<div class=\"elementor-container elementor-column-gap-no\">\n\t\t\t\t\t<div class=\"elementor-column elementor-col-100 elementor-top-column elementor-element elementor-element-df59605\" data-id=\"df59605\" data-element_type=\"column\" data-e-type=\"column\" data-settings=\"{&quot;background_background&quot;:&quot;classic&quot;}\">\n\t\t\t<div class=\"elementor-widget-wrap elementor-element-populated\">\n\t\t\t\t\t\t<div class=\"elementor-element elementor-element-7e55313 elementor-widget elementor-widget-heading\" data-id=\"7e55313\" data-element_type=\"widget\" data-e-type=\"widget\" data-widget_type=\"heading.default\">\n\t\t\t\t<div class=\"elementor-widget-container\">\n\t\t\t\t\t<h1 class=\"elementor-heading-title elementor-size-default\">Dankesch\u00f6n<\/h1>\t\t\t\t<\/div>\n\t\t\t\t<\/div>\n\t\t\t\t\t<\/div>\n\t\t<\/div>\n\t\t\t\t\t<\/div>\n\t\t<\/section>\n\t\t<div class=\"elementor-element elementor-element-ed798c3 e-flex e-con-boxed e-con e-parent\" data-id=\"ed798c3\" data-element_type=\"container\" data-e-type=\"container\">\n\t\t\t\t\t<div class=\"e-con-inner\">\n\t\t\t\t<div class=\"elementor-element elementor-element-5bccdcc elementor-widget elementor-widget-text-editor\" data-id=\"5bccdcc\" data-element_type=\"widget\" data-e-type=\"widget\" data-widget_type=\"text-editor.default\">\n\t\t\t\t<div class=\"elementor-widget-container\">\n\t\t\t\t\t\t\t\t\t<\/p>\n<h2 class=\"wp-block-heading\">Danke, dass Sie uns Ihr Formular geschickt haben!<\/h2>\n<\/p>\n<p>Ihr Interesse an unseren Dienstleistungen ist uns sehr wichtig und wir haben Ihre Daten erfolgreich registriert. Wir werden uns so bald wie m\u00f6glich mit Ihnen in Verbindung setzen, um Ihnen weitere Informationen zukommen zu lassen oder Ihnen bei der Vervollst\u00e4ndigung Ihres Antrags zu helfen.<\/p>\n<\/p>\n<p>In der Zwischenzeit z\u00f6gern Sie bitte nicht, uns zu kontaktieren, wenn Sie weitere Unterst\u00fctzung ben\u00f6tigen oder Fragen haben. Wir sind immer f\u00fcr Sie da.<\/p>\n<\/p>\n<p>Nochmals vielen Dank, dass Sie sich f\u00fcr eine Zusammenarbeit mit uns entschieden haben. Wir sind froh, dass wir Ihnen helfen konnten.<\/p><\/p>\n\t\t\t\t\t\t\t\t<\/div>\n\t\t\t\t<\/div>\n\t\t\t\t\t<\/div>\n\t\t\t\t<\/div>\n\t\t\t\t<\/div>\n\t\t","protected":false},"excerpt":{"rendered":"<p>Dankesch\u00f6n Danke, dass Sie uns Ihr Formular geschickt haben! Ihr Interesse an unseren Dienstleistungen ist uns sehr wichtig und wir haben Ihre Daten erfolgreich registriert. Wir werden uns so bald wie m\u00f6glich mit Ihnen in Verbindung setzen, um Ihnen weitere Informationen zukommen zu lassen oder Ihnen bei der Vervollst\u00e4ndigung Ihres Antrags zu helfen. In der [&hellip;]<\/p>\n","protected":false},"author":2,"featured_media":0,"parent":0,"menu_order":0,"comment_status":"closed","ping_status":"closed","template":"elementor_header_footer","meta":{"_seopress_robots_primary_cat":"","_seopress_titles_title":"","_seopress_titles_desc":"","_seopress_robots_index":"","footnotes":""},"class_list":["post-1471","page","type-page","status-publish","hentry"],"_links":{"self":[{"href":"https:\/\/swisswebstudio.com\/de\/wp-json\/wp\/v2\/pages\/1471","targetHints":{"allow":["GET"]}}],"collection":[{"href":"https:\/\/swisswebstudio.com\/de\/wp-json\/wp\/v2\/pages"}],"about":[{"href":"https:\/\/swisswebstudio.com\/de\/wp-json\/wp\/v2\/types\/page"}],"author":[{"embeddable":true,"href":"https:\/\/swisswebstudio.com\/de\/wp-json\/wp\/v2\/users\/2"}],"replies":[{"embeddable":true,"href":"https:\/\/swisswebstudio.com\/de\/wp-json\/wp\/v2\/comments?post=1471"}],"version-history":[{"count":0,"href":"https:\/\/swisswebstudio.com\/de\/wp-json\/wp\/v2\/pages\/1471\/revisions"}],"wp:attachment":[{"href":"https:\/\/swisswebstudio.com\/de\/wp-json\/wp\/v2\/media?parent=1471"}],"curies":[{"name":"wp","href":"https:\/\/api.w.org\/{rel}","templated":true}]}}