{"id":1871,"date":"2024-05-02T16:08:01","date_gmt":"2024-05-02T14:08:01","guid":{"rendered":"https:\/\/swisswebstudio.com\/bedingungen-konditionen\/"},"modified":"2024-05-02T16:08:14","modified_gmt":"2024-05-02T14:08:14","slug":"bedingungen-konditionen","status":"publish","type":"page","link":"https:\/\/swisswebstudio.com\/de\/bedingungen-konditionen\/","title":{"rendered":"Bedingungen &amp; Konditionen"},"content":{"rendered":"\n<h2 class=\"wp-block-heading\">Domain Management<\/h2>\n\n<p>Die Domain wird f\u00fcr den Kunden von Swiss Web Studio verwaltet. Die Domain geh\u00f6rt dem Kunden und der Kunde hat das Recht, die Domain jederzeit zu \u00fcbertragen, unabh\u00e4ngig von einem Zahlungsstreit. Die Domain umfasst nicht den Webserver oder den E-Mail-Server, die im Falle ausstehender Zahlungen erst dann \u00fcbertragen werden k\u00f6nnen, wenn die Zahlung beglichen ist.<\/p>\n\n<h2 class=\"wp-block-heading\">Sicherheit<\/h2>\n\n<p>Alle unsere Dienste sind durch ein H\u00f6chstma\u00df an Sicherheit gesch\u00fctzt und werden regelm\u00e4\u00dfig aktualisiert, um mit den Ver\u00e4nderungen Schritt zu halten. SSL EV und DV-Zertifikat inbegriffen.<\/p>\n\n<h2 class=\"wp-block-heading\">Backup<\/h2>\n\n<p>Sicherung all Ihrer Daten alle 24 Stunden auf Servern, die sich physisch in einem anderen Rechenzentrum befinden und 7 Tage lang aufbewahrt werden. Wenn Sie Ihr System wiederherstellen m\u00fcssen, \u00fcbernehmen wir das f\u00fcr Sie.<\/p>\n\n<h2 class=\"wp-block-heading\">Unterst\u00fctzen Sie<\/h2>\n\n<p>Wenn sich Ihr Unternehmen im Tessin befindet, kommt einer unserer Techniker pers\u00f6nlich zu Ihnen (gegen Aufpreis), um die E-Mail-Adressen auf Ihren Computern zu installieren und Ihnen zu zeigen, wie sie funktionieren. Wenn Sie sich au\u00dferhalb des Tessins befinden, findet diese Unterst\u00fctzung per Fernzugriff statt.<\/p>\n\n<h2 class=\"wp-block-heading\">Einschr\u00e4nkung der Haftung<\/h2>\n\n<p>a) Der Kunde beh\u00e4lt das volle Eigentum an den von ihm zur Verf\u00fcgung gestellten Materialien (mit &#8222;Materialien&#8220; sind, als nicht ersch\u00f6pfendes Beispiel, gemeint: Texte, Logos, Marken, Bilder, audiovisuelle Materialien, Dokumente, Grafiken, Diagramme, Projekte usw.), unabh\u00e4ngig davon, ob es sich um sensible oder pers\u00f6nliche Materialien handelt, und \u00fcbernimmt die gesamte Verantwortung f\u00fcr deren Inhalt und Verwaltung, wobei Swiss Web Studio ausdr\u00fccklich von jeglicher Verantwortung und Last der \u00dcberpr\u00fcfung und\/oder Kontrolle in dieser Hinsicht befreit ist.<\/p>\n\n<p>b) Swiss Web Studio haftet daher unter keinen Umst\u00e4nden f\u00fcr die Verwendung von Daten, die vom Kunden geliefert und\/oder angefordert wurden und die ohne Wissen von Swiss Web Studio urheberrechtlich gesch\u00fctzt waren.<\/p>\n\n<p>c) Der Kunde nutzt die Dienste auf eigenes Risiko, Swiss Web Studio haftet gegen\u00fcber keiner Partei f\u00fcr Rechts-\/Zivil- oder Verwaltungsstreitigkeiten, indirekte, spezifische, zuf\u00e4llige, strafende, vorsorgliche oder Folgesch\u00e4den (einschliesslich, aber nicht beschr\u00e4nkt auf Sch\u00e4den im Falle der Unf\u00e4higkeit, die Dienste zu nutzen oder auf sie zuzugreifen, Verlust oder Besch\u00e4digung von Daten, Gewinnen, Kundenstamm, Imagesch\u00e4den, Gesch\u00e4ftsunterbrechung oder \u00c4hnliches), die durch die Nutzung oder Unf\u00e4higkeit zur Nutzung der Dienste verursacht werden und auf einer Haftungs\u00fcbernahme einschlie\u00dflich Vertragsbruch, Fahrl\u00e4ssigkeit oder anderweitig beruhen, selbst wenn Swiss Web Studio auf die M\u00f6glichkeit solcher Sch\u00e4den hingewiesen wurde und eine Klausel in diesem Vertrag keine Abhilfe geschaffen hat.<\/p>\n\n<p>d) Swiss Web Studio kann nicht f\u00fcr kurzzeitige St\u00f6rungen der Dienste haftbar gemacht werden, die durch technische Probleme auf Servern, im Internet, durch Hacker usw. verursacht werden.<\/p>\n\n<p>e) Swiss Web Studio kann dem Kunden keine sicheren Einnahmen aus der Verwertung der erbrachten Dienstleistungen garantieren.<\/p>\n\n<p>f) Wenn eine in diesem Vertrag enthaltene Beschr\u00e4nkung, ein Ausschluss, eine Einschr\u00e4nkung oder eine andere Bestimmung aus irgendeinem Grund von einem Schiedsrichter oder einem zust\u00e4ndigen Gericht f\u00fcr ung\u00fcltig erkl\u00e4rt wird und Swiss Web Studio infolgedessen f\u00fcr einen Verlust oder Schaden haftet, \u00fcbersteigt eine solche Haftung, ob aus Vertrag, unerlaubter Handlung oder anderweitig, nicht den von Swiss Web Studio f\u00fcr die Art der verkauften Dienstleistung berechneten Listenpreis.<\/p>\n\n<p>g) Swiss Web Studio garantiert absolute Diskretion und Vertraulichkeit im Umgang mit sensiblen Kundendaten.<\/p>\n\n<p>h) Swiss Web Studio beh\u00e4lt sich das Recht vor, den Dienst im Falle eines schwerwiegenden Zahlungsverzugs auszusetzen.<\/p>\n\n<p>i) Swiss Web Studio unterl\u00e4sst es, Aktivit\u00e4ten zu f\u00f6rdern, die leichtes Geld, Betrug oder jede Art von organisiertem Verbrechen versprechen. Swiss Web Studio f\u00f6rdert keine Aktivit\u00e4ten, die es als sch\u00e4dlich f\u00fcr die Gesellschaft und die in ihr lebenden Menschen erachtet.<\/p>\n\n<p>l) Die Strafe f\u00fcr die vorzeitige K\u00fcndigung des Vertrages betr\u00e4gt 10% des Jahreswertes.<\/p>\n\n<p>m) Es werden keine Erstattungen vorgenommen<\/p>\n\n<p>o) Die in den Vertr\u00e4gen angegebenen Zahlen \u00fcber das von den Werbekampagnen erreichte Publikum sind Sch\u00e4tzungen und k\u00f6nnen stark \u00fcber- oder unterschritten werden.<\/p>\n\n<p>m) Die in diesem Abschnitt (3) enthaltenen Vereinbarungen gelten jetzt und f\u00fcr alle zuk\u00fcnftigen Vereinbarungen zwischen dem Kunden und Swiss Web Studio, ob m\u00fcndlich oder schriftlich.<\/p>\n\n<h2 class=\"wp-block-heading\">Service-Pakete<\/h2>\n\n<p>Die Mindestgeb\u00fchr pro Serviceeinsatz betr\u00e4gt 20 Minuten. Die Zeit, die Sie am Telefon mit dem Kunden verbringen, und die Verwaltungszeit f\u00fcr die Stunden des Servicepakets werden ebenfalls als Hilfeleistung gez\u00e4hlt.<\/p>\n\n<h2 class=\"wp-block-heading\">Zahlungsverz\u00f6gerungen<\/h2>\n\n<p>Bei umfangreichen Zahlungsverz\u00f6gerungen (mehr als 2 Wochen) beh\u00e4lt sich Swiss Web Studio das Recht vor, den Dienst auszusetzen, und zwar nicht nur den Dienst, f\u00fcr den die Zahlung \u00fcberf\u00e4llig ist, sondern jeden Dienst bei Swiss Web Studio, den Swiss Web Studio im Falle einer \u00fcberm\u00e4\u00dfigen Zahlungsverz\u00f6gerung f\u00fcr einen Dienst f\u00fcr notwendig erachtet, auszusetzen.<\/p>\n\n<h2 class=\"wp-block-heading\">Sensible Daten<\/h2>\n\n<p>In \u00dcbereinstimmung mit dem Datenschutzgesetz verpflichtet sich Swiss Web Studio, ein H\u00f6chstma\u00df an Vertraulichkeit und Schutz der sensiblen Kundendaten zu gew\u00e4hrleisten.<\/p>\n\n<p>Alle Informationen, die von Kunden an Swiss Web Studio \u00fcbermittelt werden, werden mit h\u00f6chster Sorgfalt und Diskretion behandelt. Wir versichern Ihnen, dass diese Daten unter keinen Umst\u00e4nden an Dritte, gleich welcher Art, verkauft, weitergegeben oder offengelegt werden, womit wir unserer Verpflichtung zum Schutz der Privatsph\u00e4re unserer Nutzer nachkommen.<\/p>\n\n<p>Das Vertrauen und die Sicherheit unserer Kunden sind f\u00fcr uns von gr\u00f6\u00dfter Bedeutung. Deshalb ergreifen wir alle notwendigen Ma\u00dfnahmen, um die uns anvertrauten sensiblen Informationen zu sch\u00fctzen.<\/p>\n\n<h2 class=\"wp-block-heading\">Weitere Hinweise zu den Bedingungen und Konditionen<\/h2>\n\n<p>Swiss Seb Studio beh\u00e4lt sich das Recht vor, diese Bedingungen jederzeit und ohne vorherige Ank\u00fcndigung zu \u00e4ndern.<\/p>\n\n<p>Der Kunde verpflichtet sich f\u00fcr die in diesem Vertrag festgelegte Summe und akzeptiert dies als Schuldanerkenntnis gem\u00e4\u00df Art. 82 L.E.F, f\u00fcr den oben angegebenen Betrag. Wenn das Unternehmen in Verzug ist, erkennt die Person, die den Vertrag unterschreibt, die Schuld pers\u00f6nlich und zu den gleichen Bedingungen wie das Unternehmen an.<\/p>\n\n<p>Die Hosting-Preise k\u00f6nnen sich j\u00e4hrlich leicht \u00e4ndern. Diese \u00c4nderungen werden vorgenommen, ohne dass der Kunde im Voraus dar\u00fcber informiert wird. Diese \u00c4nderungen ohne vorherige Ank\u00fcndigung d\u00fcrfen 10% des Zahlungswertes nicht \u00fcberschreiten. Bei \u00c4nderungen von mehr als 10% wird der Kunde im Voraus informiert.<\/p>\n\n<p>Hosting-Vertr\u00e4ge werden automatisch und ohne Vorank\u00fcndigung verl\u00e4ngert. Der Kunde kann jederzeit innerhalb von 3 Monaten nach der automatischen Verl\u00e4ngerung k\u00fcndigen.<\/p>\n\n<p>Online-Marketing-Werbevertr\u00e4ge verl\u00e4ngern sich ebenfalls automatisch, allerdings mit vorheriger Ank\u00fcndigung durch den Berater per Telefon oder pers\u00f6nlichem Kontakt. Sie k\u00f6nnen innerhalb von 3 Monaten nach der mit ihrem Berater vereinbarten Verl\u00e4ngerung gek\u00fcndigt werden.<\/p>\n","protected":false},"excerpt":{"rendered":"<p>Domain Management Die Domain wird f\u00fcr den Kunden von Swiss Web Studio verwaltet. Die Domain geh\u00f6rt dem Kunden und der Kunde hat das Recht, die Domain jederzeit zu \u00fcbertragen, unabh\u00e4ngig von einem Zahlungsstreit. Die Domain umfasst nicht den Webserver oder den E-Mail-Server, die im Falle ausstehender Zahlungen erst dann \u00fcbertragen werden k\u00f6nnen, wenn die Zahlung [&hellip;]<\/p>\n","protected":false},"author":2,"featured_media":0,"parent":0,"menu_order":0,"comment_status":"closed","ping_status":"closed","template":"","meta":{"_seopress_robots_primary_cat":"","_seopress_titles_title":"","_seopress_titles_desc":"","_seopress_robots_index":"","footnotes":""},"class_list":["post-1871","page","type-page","status-publish","hentry"],"_links":{"self":[{"href":"https:\/\/swisswebstudio.com\/de\/wp-json\/wp\/v2\/pages\/1871","targetHints":{"allow":["GET"]}}],"collection":[{"href":"https:\/\/swisswebstudio.com\/de\/wp-json\/wp\/v2\/pages"}],"about":[{"href":"https:\/\/swisswebstudio.com\/de\/wp-json\/wp\/v2\/types\/page"}],"author":[{"embeddable":true,"href":"https:\/\/swisswebstudio.com\/de\/wp-json\/wp\/v2\/users\/2"}],"replies":[{"embeddable":true,"href":"https:\/\/swisswebstudio.com\/de\/wp-json\/wp\/v2\/comments?post=1871"}],"version-history":[{"count":0,"href":"https:\/\/swisswebstudio.com\/de\/wp-json\/wp\/v2\/pages\/1871\/revisions"}],"wp:attachment":[{"href":"https:\/\/swisswebstudio.com\/de\/wp-json\/wp\/v2\/media?parent=1871"}],"curies":[{"name":"wp","href":"https:\/\/api.w.org\/{rel}","templated":true}]}}