{"id":2270,"date":"2024-09-04T15:21:12","date_gmt":"2024-09-04T13:21:12","guid":{"rendered":"https:\/\/swisswebstudio.com\/fotogalerie\/"},"modified":"2024-11-19T17:12:27","modified_gmt":"2024-11-19T16:12:27","slug":"fotogalerie","status":"publish","type":"page","link":"https:\/\/swisswebstudio.com\/de\/fotogalerie\/","title":{"rendered":"Fotogalerie"},"content":{"rendered":"\t\t<div data-elementor-type=\"wp-page\" data-elementor-id=\"2270\" class=\"elementor elementor-2270 elementor-2266\" data-elementor-post-type=\"page\">\n\t\t\t\t\t\t<section class=\"elementor-section elementor-top-section elementor-element elementor-element-7555f55 elementor-section-height-min-height elementor-section-content-middle elementor-section-boxed elementor-section-height-default elementor-section-items-middle\" data-id=\"7555f55\" data-element_type=\"section\" data-e-type=\"section\" data-settings=\"{&quot;background_background&quot;:&quot;classic&quot;}\">\n\t\t\t\t\t\t\t<div class=\"elementor-background-overlay\"><\/div>\n\t\t\t\t\t\t\t<div class=\"elementor-container elementor-column-gap-no\">\n\t\t\t\t\t<div class=\"elementor-column elementor-col-100 elementor-top-column elementor-element elementor-element-a360808\" data-id=\"a360808\" data-element_type=\"column\" data-e-type=\"column\" data-settings=\"{&quot;background_background&quot;:&quot;classic&quot;}\">\n\t\t\t<div class=\"elementor-widget-wrap elementor-element-populated\">\n\t\t\t\t\t\t<div class=\"elementor-element elementor-element-199ad59 elementor-widget elementor-widget-heading\" data-id=\"199ad59\" data-element_type=\"widget\" data-e-type=\"widget\" data-widget_type=\"heading.default\">\n\t\t\t\t<div class=\"elementor-widget-container\">\n\t\t\t\t\t<h1 class=\"elementor-heading-title elementor-size-default\">Portfolio-Projekte FOTOGRAFIE<\/h1>\t\t\t\t<\/div>\n\t\t\t\t<\/div>\n\t\t\t\t\t<\/div>\n\t\t<\/div>\n\t\t\t\t\t<\/div>\n\t\t<\/section>\n\t\t<div class=\"elementor-element elementor-element-c110489 e-flex e-con-boxed e-con e-parent\" data-id=\"c110489\" data-element_type=\"container\" data-e-type=\"container\">\n\t\t\t\t\t<div class=\"e-con-inner\">\n\t\t\t\t<div class=\"elementor-element elementor-element-41ebd74 elementor-widget elementor-widget-text-editor\" data-id=\"41ebd74\" data-element_type=\"widget\" data-e-type=\"widget\" data-widget_type=\"text-editor.default\">\n\t\t\t\t<div class=\"elementor-widget-container\">\n\t\t\t\t\t\t\t\t\t<div class=\"flex-shrink-0 flex flex-col relative items-end\">\n<div>\n<div class=\"pt-0\">\n<div class=\"gizmo-bot-avatar flex h-8 w-8 items-center justify-center overflow-hidden rounded-full\">\n<h5 class=\"relative p-1 rounded-sm flex items-center justify-center bg-token-main-surface-primary text-token-text-primary h-8 w-8\"><strong>Entdecken Sie unsere visuelle Kreativit\u00e4t: Professionelle Fotografien f\u00fcr jeden Anlass<\/strong><\/h5>\n<\/div>\n<\/div>\n<\/div>\n<\/div>\n<div class=\"group\/conversation-turn relative flex w-full min-w-0 flex-col agent-turn\">\n<div class=\"flex-col gap-1 md:gap-3\">\n<div class=\"flex max-w-full flex-col flex-grow\">\n<div class=\"min-h-[20px] text-message flex w-full flex-col items-end gap-2 whitespace-normal break-words [.text-message+&amp;]:mt-5\" dir=\"auto\" data-message-author-role=\"assistant\" data-message-id=\"6363ee45-01ad-4889-812d-2ea2887347f6\">\n<div class=\"flex w-full flex-col gap-1 empty:hidden first:pt-[3px]\">\n<div class=\"markdown prose w-full break-words dark:prose-invert dark\">\n<p>Wir freuen uns, Ihnen eine Auswahl unserer besten fotografischen Leistungen pr\u00e4sentieren zu k\u00f6nnen.<br \/>\nVon der <strong>Hochzeits-<\/strong> und <strong>Eventfotografie<\/strong> bis hin zur Fotografie von <strong>Neugeborenen<\/strong> und <strong>Neugeborenen zu Hause<\/strong>\u2013 jede Aufnahme erz\u00e4hlt eine einzigartige Geschichte.<br \/>\nJedes Bild ist sorgf\u00e4ltig ausgearbeitet und unterstreicht die Emotionen des Moments und die Liebe zum Detail, die uns auszeichnet.  <\/p>\n<p>Werfen Sie einen Blick auf unsere Galerie und lassen Sie sich von der Sch\u00f6nheit der Erinnerungen inspirieren, die wir mit unserer Linse eingefangen haben.<\/p>\n<\/div>\n<\/div>\n<\/div>\n<\/div>\n<\/div>\n<\/div>\n\t\t\t\t\t\t\t\t<\/div>\n\t\t\t\t<\/div>\n\t\t\t\t<div class=\"elementor-element elementor-element-efb3984 elementor-widget elementor-widget-global elementor-global-3607 elementor-global-3602 elementor-widget-gallery\" data-id=\"efb3984\" data-element_type=\"widget\" data-e-type=\"widget\" data-settings=\"{&quot;gallery_layout&quot;:&quot;masonry&quot;,&quot;columns_mobile&quot;:2,&quot;lazyload&quot;:&quot;yes&quot;,&quot;columns&quot;:4,&quot;columns_tablet&quot;:2,&quot;gap&quot;:{&quot;unit&quot;:&quot;px&quot;,&quot;size&quot;:10,&quot;sizes&quot;:[]},&quot;gap_tablet&quot;:{&quot;unit&quot;:&quot;px&quot;,&quot;size&quot;:10,&quot;sizes&quot;:[]},&quot;gap_mobile&quot;:{&quot;unit&quot;:&quot;px&quot;,&quot;size&quot;:10,&quot;sizes&quot;:[]},&quot;link_to&quot;:&quot;file&quot;,&quot;show_all_galleries&quot;:&quot;yes&quot;,&quot;overlay_background&quot;:&quot;yes&quot;,&quot;content_hover_animation&quot;:&quot;fade-in&quot;}\" data-widget_type=\"gallery.default\">\n\t\t\t\t<div class=\"elementor-widget-container\">\n\t\t\t\t\t\t\t\t<div class=\"elementor-gallery__titles-container e--pointer-underline e--animation-fade\" aria-label=\"Galeriefilter\">\n\t\t\t\t\t\t\t\t\t<a class=\"elementor-item elementor-gallery-title\" role=\"button\" tabindex=\"0\" data-gallery-index=\"all\">\n\t\t\t\t\t\tAlle\t\t\t\t\t<\/a>\n\t\t\t\t\n\t\t\t\t\t\t\t\t\t<a class=\"elementor-item elementor-gallery-title\" role=\"button\" tabindex=\"0\" data-gallery-index=\"0\">\n\t\t\t\t\t\tUnternehmen\t\t\t\t\t<\/a>\n\t\t\t\t\t\t\t\t<\/div>\n\t\t\t\t\t<div class=\"elementor-gallery__container\">\n\t\t\t\t\t\t\t<a class=\"e-gallery-item elementor-gallery-item elementor-animated-content\" data-e-gallery-tags=\"0\" href=\"https:\/\/swisswebstudio.com\/wp-content\/uploads\/sites\/104\/2024\/09\/172a3835-scaled.jpg\" data-elementor-open-lightbox=\"yes\" data-elementor-lightbox-slideshow=\"efb3984\" data-elementor-lightbox-title=\"172a3835\" data-elementor-lightbox-description=\"172a3835\" data-e-action-hash=\"#elementor-action%3Aaction%3Dlightbox%26settings%3DeyJpZCI6MjY2NSwidXJsIjoiaHR0cHM6XC9cL3N3aXNzd2Vic3R1ZGlvLmNvbVwvd3AtY29udGVudFwvdXBsb2Fkc1wvc2l0ZXNcLzEwNFwvMjAyNFwvMDlcLzE3MmEzODM1LXNjYWxlZC5qcGciLCJzbGlkZXNob3ciOiJlZmIzOTg0In0%3D\">\n\t\t\t\t\t<div class=\"e-gallery-image elementor-gallery-item__image\" data-thumbnail=\"https:\/\/swisswebstudio.com\/wp-content\/uploads\/sites\/104\/2024\/09\/172a3835-scaled.jpg\" data-width=\"1707\" data-height=\"2560\" aria-label=\"172a3835\" role=\"img\" ><\/div>\n\t\t\t\t\t\t\t\t\t\t\t<div class=\"elementor-gallery-item__overlay\"><\/div>\n\t\t\t\t\t\t\t\t\t\t\t\t\t\t<\/a>\n\t\t\t\t\t\t\t<a class=\"e-gallery-item elementor-gallery-item elementor-animated-content\" data-e-gallery-tags=\"0\" href=\"https:\/\/swisswebstudio.com\/wp-content\/uploads\/sites\/104\/2024\/09\/172a3882-scaled.jpg\" data-elementor-open-lightbox=\"yes\" data-elementor-lightbox-slideshow=\"efb3984\" data-elementor-lightbox-title=\"172a3882\" data-elementor-lightbox-description=\"172a3882\" data-e-action-hash=\"#elementor-action%3Aaction%3Dlightbox%26settings%3DeyJpZCI6MjY3MCwidXJsIjoiaHR0cHM6XC9cL3N3aXNzd2Vic3R1ZGlvLmNvbVwvd3AtY29udGVudFwvdXBsb2Fkc1wvc2l0ZXNcLzEwNFwvMjAyNFwvMDlcLzE3MmEzODgyLXNjYWxlZC5qcGciLCJzbGlkZXNob3ciOiJlZmIzOTg0In0%3D\">\n\t\t\t\t\t<div class=\"e-gallery-image elementor-gallery-item__image\" data-thumbnail=\"https:\/\/swisswebstudio.com\/wp-content\/uploads\/sites\/104\/2024\/09\/172a3882-scaled.jpg\" data-width=\"1707\" data-height=\"2560\" aria-label=\"172a3882\" role=\"img\" ><\/div>\n\t\t\t\t\t\t\t\t\t\t\t<div class=\"elementor-gallery-item__overlay\"><\/div>\n\t\t\t\t\t\t\t\t\t\t\t\t\t\t<\/a>\n\t\t\t\t\t\t\t<a class=\"e-gallery-item elementor-gallery-item elementor-animated-content\" data-e-gallery-tags=\"0\" href=\"https:\/\/swisswebstudio.com\/wp-content\/uploads\/sites\/104\/2024\/09\/172a3785-scaled.jpg\" data-elementor-open-lightbox=\"yes\" data-elementor-lightbox-slideshow=\"efb3984\" data-elementor-lightbox-title=\"172a3785\" data-elementor-lightbox-description=\"172a3785\" data-e-action-hash=\"#elementor-action%3Aaction%3Dlightbox%26settings%3DeyJpZCI6MjY3NCwidXJsIjoiaHR0cHM6XC9cL3N3aXNzd2Vic3R1ZGlvLmNvbVwvd3AtY29udGVudFwvdXBsb2Fkc1wvc2l0ZXNcLzEwNFwvMjAyNFwvMDlcLzE3MmEzNzg1LXNjYWxlZC5qcGciLCJzbGlkZXNob3ciOiJlZmIzOTg0In0%3D\">\n\t\t\t\t\t<div class=\"e-gallery-image elementor-gallery-item__image\" data-thumbnail=\"https:\/\/swisswebstudio.com\/wp-content\/uploads\/sites\/104\/2024\/09\/172a3785-scaled.jpg\" data-width=\"1707\" data-height=\"2560\" aria-label=\"172a3785\" role=\"img\" ><\/div>\n\t\t\t\t\t\t\t\t\t\t\t<div class=\"elementor-gallery-item__overlay\"><\/div>\n\t\t\t\t\t\t\t\t\t\t\t\t\t\t<\/a>\n\t\t\t\t\t\t\t<a class=\"e-gallery-item elementor-gallery-item elementor-animated-content\" data-e-gallery-tags=\"0\" href=\"https:\/\/swisswebstudio.com\/wp-content\/uploads\/sites\/104\/2025\/03\/172a9115-scaled.jpg\" data-elementor-open-lightbox=\"yes\" data-elementor-lightbox-slideshow=\"efb3984\" data-elementor-lightbox-title=\"172a9115\" data-elementor-lightbox-description=\"172a9115\" data-e-action-hash=\"#elementor-action%3Aaction%3Dlightbox%26settings%3DeyJpZCI6NDU3MywidXJsIjoiaHR0cHM6XC9cL3N3aXNzd2Vic3R1ZGlvLmNvbVwvd3AtY29udGVudFwvdXBsb2Fkc1wvc2l0ZXNcLzEwNFwvMjAyNVwvMDNcLzE3MmE5MTE1LXNjYWxlZC5qcGciLCJzbGlkZXNob3ciOiJlZmIzOTg0In0%3D\">\n\t\t\t\t\t<div class=\"e-gallery-image elementor-gallery-item__image\" data-thumbnail=\"https:\/\/swisswebstudio.com\/wp-content\/uploads\/sites\/104\/2025\/03\/172a9115-scaled.jpg\" data-width=\"1707\" data-height=\"2560\" aria-label=\"172a9115\" role=\"img\" ><\/div>\n\t\t\t\t\t\t\t\t\t\t\t<div class=\"elementor-gallery-item__overlay\"><\/div>\n\t\t\t\t\t\t\t\t\t\t\t\t\t\t<\/a>\n\t\t\t\t\t\t\t<a class=\"e-gallery-item elementor-gallery-item elementor-animated-content\" data-e-gallery-tags=\"0\" href=\"https:\/\/swisswebstudio.com\/wp-content\/uploads\/sites\/104\/2025\/03\/172a9800-scaled.jpg\" data-elementor-open-lightbox=\"yes\" data-elementor-lightbox-slideshow=\"efb3984\" data-elementor-lightbox-title=\"172a9800\" data-elementor-lightbox-description=\"172a9800\" data-e-action-hash=\"#elementor-action%3Aaction%3Dlightbox%26settings%3DeyJpZCI6NDU3NywidXJsIjoiaHR0cHM6XC9cL3N3aXNzd2Vic3R1ZGlvLmNvbVwvd3AtY29udGVudFwvdXBsb2Fkc1wvc2l0ZXNcLzEwNFwvMjAyNVwvMDNcLzE3MmE5ODAwLXNjYWxlZC5qcGciLCJzbGlkZXNob3ciOiJlZmIzOTg0In0%3D\">\n\t\t\t\t\t<div class=\"e-gallery-image elementor-gallery-item__image\" data-thumbnail=\"https:\/\/swisswebstudio.com\/wp-content\/uploads\/sites\/104\/2025\/03\/172a9800-scaled.jpg\" data-width=\"1707\" data-height=\"2560\" aria-label=\"172a9800\" role=\"img\" ><\/div>\n\t\t\t\t\t\t\t\t\t\t\t<div class=\"elementor-gallery-item__overlay\"><\/div>\n\t\t\t\t\t\t\t\t\t\t\t\t\t\t<\/a>\n\t\t\t\t\t\t\t<a class=\"e-gallery-item elementor-gallery-item elementor-animated-content\" data-e-gallery-tags=\"0\" href=\"https:\/\/swisswebstudio.com\/wp-content\/uploads\/sites\/104\/2025\/03\/172a9682-scaled.jpg\" data-elementor-open-lightbox=\"yes\" data-elementor-lightbox-slideshow=\"efb3984\" data-elementor-lightbox-title=\"172a9682\" data-elementor-lightbox-description=\"172a9682\" data-e-action-hash=\"#elementor-action%3Aaction%3Dlightbox%26settings%3DeyJpZCI6NDU4MSwidXJsIjoiaHR0cHM6XC9cL3N3aXNzd2Vic3R1ZGlvLmNvbVwvd3AtY29udGVudFwvdXBsb2Fkc1wvc2l0ZXNcLzEwNFwvMjAyNVwvMDNcLzE3MmE5NjgyLXNjYWxlZC5qcGciLCJzbGlkZXNob3ciOiJlZmIzOTg0In0%3D\">\n\t\t\t\t\t<div class=\"e-gallery-image elementor-gallery-item__image\" data-thumbnail=\"https:\/\/swisswebstudio.com\/wp-content\/uploads\/sites\/104\/2025\/03\/172a9682-scaled.jpg\" data-width=\"1707\" data-height=\"2560\" aria-label=\"172a9682\" role=\"img\" ><\/div>\n\t\t\t\t\t\t\t\t\t\t\t<div class=\"elementor-gallery-item__overlay\"><\/div>\n\t\t\t\t\t\t\t\t\t\t\t\t\t\t<\/a>\n\t\t\t\t\t\t\t<a class=\"e-gallery-item elementor-gallery-item elementor-animated-content\" data-e-gallery-tags=\"0\" href=\"https:\/\/swisswebstudio.com\/wp-content\/uploads\/sites\/104\/2025\/03\/172a8843-scaled.jpg\" data-elementor-open-lightbox=\"yes\" data-elementor-lightbox-slideshow=\"efb3984\" data-elementor-lightbox-title=\"172a8843\" data-elementor-lightbox-description=\"172a8843\" data-e-action-hash=\"#elementor-action%3Aaction%3Dlightbox%26settings%3DeyJpZCI6NDU4NSwidXJsIjoiaHR0cHM6XC9cL3N3aXNzd2Vic3R1ZGlvLmNvbVwvd3AtY29udGVudFwvdXBsb2Fkc1wvc2l0ZXNcLzEwNFwvMjAyNVwvMDNcLzE3MmE4ODQzLXNjYWxlZC5qcGciLCJzbGlkZXNob3ciOiJlZmIzOTg0In0%3D\">\n\t\t\t\t\t<div class=\"e-gallery-image elementor-gallery-item__image\" data-thumbnail=\"https:\/\/swisswebstudio.com\/wp-content\/uploads\/sites\/104\/2025\/03\/172a8843-scaled.jpg\" data-width=\"1707\" data-height=\"2560\" aria-label=\"172a8843\" role=\"img\" ><\/div>\n\t\t\t\t\t\t\t\t\t\t\t<div class=\"elementor-gallery-item__overlay\"><\/div>\n\t\t\t\t\t\t\t\t\t\t\t\t\t\t<\/a>\n\t\t\t\t\t<\/div>\n\t\t\t\t\t<\/div>\n\t\t\t\t<\/div>\n\t\t\t\t\t<\/div>\n\t\t\t\t<\/div>\n\t\t\t\t<\/div>\n\t\t","protected":false},"excerpt":{"rendered":"<p>Portfolio-Projekte FOTOGRAFIE Entdecken Sie unsere visuelle Kreativit\u00e4t: Professionelle Fotografien f\u00fcr jeden Anlass Wir freuen uns, Ihnen eine Auswahl unserer besten fotografischen Leistungen pr\u00e4sentieren zu k\u00f6nnen. Von der Hochzeits- und Eventfotografie bis hin zur Fotografie von Neugeborenen und Neugeborenen zu Hause\u2013 jede Aufnahme erz\u00e4hlt eine einzigartige Geschichte. Jedes Bild ist sorgf\u00e4ltig ausgearbeitet und unterstreicht die Emotionen [&hellip;]<\/p>\n","protected":false},"author":2,"featured_media":0,"parent":0,"menu_order":0,"comment_status":"closed","ping_status":"closed","template":"elementor_header_footer","meta":{"_seopress_robots_primary_cat":"","_seopress_titles_title":"Professionelle Fotografien f\u00fcr jeden Anlass","_seopress_titles_desc":"Entdecken Sie unsere visuelle Kreativit\u00e4t mit den besten Fotos f\u00fcr jeden Anlass.\nEmotionen und Liebe zum Detail, die Sie \u00fcberraschen werden.\nJetzt einsteigen!  ","_seopress_robots_index":"","footnotes":""},"class_list":["post-2270","page","type-page","status-publish","hentry"],"_links":{"self":[{"href":"https:\/\/swisswebstudio.com\/de\/wp-json\/wp\/v2\/pages\/2270","targetHints":{"allow":["GET"]}}],"collection":[{"href":"https:\/\/swisswebstudio.com\/de\/wp-json\/wp\/v2\/pages"}],"about":[{"href":"https:\/\/swisswebstudio.com\/de\/wp-json\/wp\/v2\/types\/page"}],"author":[{"embeddable":true,"href":"https:\/\/swisswebstudio.com\/de\/wp-json\/wp\/v2\/users\/2"}],"replies":[{"embeddable":true,"href":"https:\/\/swisswebstudio.com\/de\/wp-json\/wp\/v2\/comments?post=2270"}],"version-history":[{"count":0,"href":"https:\/\/swisswebstudio.com\/de\/wp-json\/wp\/v2\/pages\/2270\/revisions"}],"wp:attachment":[{"href":"https:\/\/swisswebstudio.com\/de\/wp-json\/wp\/v2\/media?parent=2270"}],"curies":[{"name":"wp","href":"https:\/\/api.w.org\/{rel}","templated":true}]}}