{"id":4730,"date":"2025-04-14T13:37:52","date_gmt":"2025-04-14T11:37:52","guid":{"rendered":"https:\/\/swisswebstudio.com\/%f0%9f%8c%90-sicheres-schnelles-und-gruenes-schweizer-hosting\/"},"modified":"2025-04-14T13:50:10","modified_gmt":"2025-04-14T11:50:10","slug":"%f0%9f%8c%90-sicheres-schnelles-und-gruenes-schweizer-hosting","status":"publish","type":"page","link":"https:\/\/swisswebstudio.com\/de\/%f0%9f%8c%90-sicheres-schnelles-und-gruenes-schweizer-hosting\/","title":{"rendered":"\ud83c\udf10 Sicheres, schnelles und gr\u00fcnes Schweizer Hosting"},"content":{"rendered":"\n<h3 class=\"wp-block-heading\">Ihre in der Schweiz gehostete Website mit Swiss Web Studio<\/h3>\n\n<p>Vertrauen Sie Swiss Web Studio f\u00fcr professionelles Hosting, das Sicherheit, Leistung und Nachhaltigkeit garantiert. Als <strong>offizieller Partner von Infomaniak<\/strong>, dem Schweizer Marktf\u00fchrer f\u00fcr ethische Clouds, bieten wir Hosting-L\u00f6sungen an, die f\u00fcr WordPress optimiert und GDPR-konform sind. <\/p>\n\n<hr class=\"wp-block-separator has-alpha-channel-opacity\"\/>\n\n<h3 class=\"wp-block-heading\">\ud83d\udd10 Sicherheit und Datenschutz an erster Stelle<\/h3>\n\n<ul class=\"wp-block-list\">\n<li><strong>100% Schweizer<\/strong> Hosting: Ihre Daten werden ausschlie\u00dflich in der Schweiz gehostet, in \u00dcbereinstimmung mit den lokalen Gesetzen und der GDPR.<\/li>\n\n\n\n<li><strong>Kostenlose SSL-Zertifikate<\/strong>: automatischer Schutz f\u00fcr Ihre Website und die Daten Ihrer Benutzer.<\/li>\n\n\n\n<li><strong>T\u00e4gliche Backups<\/strong>: Garantierte Sicherheit durch automatische Backups Ihrer Daten.<\/li>\n<\/ul>\n\n<hr class=\"wp-block-separator has-alpha-channel-opacity\"\/>\n\n<h3 class=\"wp-block-heading\">\u26a1 Leistung und Verl\u00e4sslichkeit<\/h3>\n\n<ul class=\"wp-block-list\">\n<li><strong>Optimierte Server f\u00fcr WordPress<\/strong>: maximale Geschwindigkeit und Stabilit\u00e4t f\u00fcr Ihre Website.<\/li>\n\n\n\n<li>Hochmoderne <strong>Rechenzentren<\/strong>: moderne Infrastruktur, die eine hohe Verf\u00fcgbarkeit und schnelle Reaktionszeiten gew\u00e4hrleistet.<\/li>\n\n\n\n<li><strong>Technischer Support 7\/7<\/strong>: Professionelle Hilfe ist immer verf\u00fcgbar, um alle Probleme zu l\u00f6sen.<\/li>\n<\/ul>\n\n<hr class=\"wp-block-separator has-alpha-channel-opacity\"\/>\n\n<h3 class=\"wp-block-heading\">\ud83c\udf31 \u00d6kologisches und nachhaltiges Hosting<\/h3>\n\n<p>Infomaniak wird f\u00fcr sein Umweltengagement ausgezeichnet<a href=\"https:\/\/www.infomaniak.com\/en?utm_source=chatgpt.com\" target=\"_blank\" rel=\"noreferrer noopener\">:infomaniak.com+2infomaniak.com+2infomaniak.com+2<\/a><\/p>\n\n<ul class=\"wp-block-list\">\n<li><strong>100% erneuerbare Energie<\/strong>: Die Rechenzentren werden ausschlie\u00dflich aus zertifizierten gr\u00fcnen Quellen gespeist<a href=\"https:\/\/www.infomaniak.com\/en?utm_source=chatgpt.com\" target=\"_blank\" rel=\"noreferrer noopener\">.infomaniak.com<\/a><\/li>\n\n\n\n<li><strong>Nat\u00fcrliche K\u00fchlung<\/strong>: Nutzung von gefilterter Au\u00dfenluft zur Senkung des Energieverbrauchs<a href=\"https:\/\/news.infomaniak.com\/it\/web-ecologico\/?utm_source=chatgpt.com\" target=\"_blank\" rel=\"noreferrer noopener\">.Infomaniak Network News+1Infomaniak Network News+1<\/a><\/li>\n\n\n\n<li><strong>W\u00e4rmer\u00fcckgewinnung<\/strong>: Die erzeugte W\u00e4rme wird wiederverwendet, um die H\u00e4user vor Ort zu heizen, und tr\u00e4gt so zur \u00f6kologischen Nachhaltigkeit bei<a href=\"https:\/\/news.infomaniak.com\/it\/infomaniak-inaugura-un-data-center-rivoluzionario-che-valorizza-100-della-energia-utilizzata-per-riscaldare-gli-edificiinfomaniak-ha-sviluppato-un-data-center-in-grado-di-valorizzare-il-100-dell\/?utm_source=chatgpt.com\" target=\"_blank\" rel=\"noreferrer noopener\">.Infomaniak Network News<\/a><\/li>\n<\/ul>\n\n<hr class=\"wp-block-separator has-alpha-channel-opacity\"\/>\n\n<h3 class=\"wp-block-heading\">\ud83e\udd1d Warum w\u00e4hlen Swiss Web Studio<\/h3>\n\n<ul class=\"wp-block-list\">\n<li><strong>Offizieller Partner Infomaniak<\/strong>: direkte Zusammenarbeit mit dem f\u00fchrenden Schweizer Anbieter.<\/li>\n\n\n\n<li><strong>Ma\u00dfgeschneiderte L\u00f6sungen<\/strong>: ma\u00dfgeschneidertes Hosting nach Ihren spezifischen Bed\u00fcrfnissen.<\/li>\n\n\n\n<li><strong>Transparenz und Zuverl\u00e4ssigkeit<\/strong>: keine versteckten Kosten und maximale Klarheit bei den angebotenen Dienstleistungen.<\/li>\n<\/ul>\n\n<hr class=\"wp-block-separator has-alpha-channel-opacity\"\/>\n\n<h3 class=\"wp-block-heading\">\ud83d\ude80 Migrieren Sie Ihre Website mit uns<\/h3>\n\n<p>Wechseln Sie zu sicherem und umweltfreundlichem Schweizer Hosting. Kontaktieren Sie uns f\u00fcr eine kostenlose Beratung und erfahren Sie, wie Sie die Leistung Ihrer Website verbessern k\u00f6nnen. <\/p>\n\n<p>\ud83d\udc49 <a href=\"https:\/\/swisswebstudio.com\/de\/ein-angebot-anfordern\/\" data-type=\"page\" data-id=\"607\">Fordern Sie eine kostenlose Beratung an<\/a><\/p>\n","protected":false},"excerpt":{"rendered":"<p>Ihre in der Schweiz gehostete Website mit Swiss Web Studio Vertrauen Sie Swiss Web Studio f\u00fcr professionelles Hosting, das Sicherheit, Leistung und Nachhaltigkeit garantiert. Als offizieller Partner von Infomaniak, dem Schweizer Marktf\u00fchrer f\u00fcr ethische Clouds, bieten wir Hosting-L\u00f6sungen an, die f\u00fcr WordPress optimiert und GDPR-konform sind. \ud83d\udd10 Sicherheit und Datenschutz an erster Stelle \u26a1 Leistung [&hellip;]<\/p>\n","protected":false},"author":2,"featured_media":0,"parent":0,"menu_order":0,"comment_status":"closed","ping_status":"closed","template":"","meta":{"_seopress_robots_primary_cat":"","_seopress_titles_title":"Sicheres und umweltfreundliches WordPress-Hosting in der Schweiz - Swiss Web Studio","_seopress_titles_desc":"Entdecken Sie Schweizer Hosting auf Swiss Web Studio: GDPR-Sicherheit, hohe Leistung und \u00f6kologische Nachhaltigkeit mit 100% erneuerbarer Energie.","_seopress_robots_index":"","footnotes":""},"class_list":["post-4730","page","type-page","status-publish","hentry"],"_links":{"self":[{"href":"https:\/\/swisswebstudio.com\/de\/wp-json\/wp\/v2\/pages\/4730","targetHints":{"allow":["GET"]}}],"collection":[{"href":"https:\/\/swisswebstudio.com\/de\/wp-json\/wp\/v2\/pages"}],"about":[{"href":"https:\/\/swisswebstudio.com\/de\/wp-json\/wp\/v2\/types\/page"}],"author":[{"embeddable":true,"href":"https:\/\/swisswebstudio.com\/de\/wp-json\/wp\/v2\/users\/2"}],"replies":[{"embeddable":true,"href":"https:\/\/swisswebstudio.com\/de\/wp-json\/wp\/v2\/comments?post=4730"}],"version-history":[{"count":0,"href":"https:\/\/swisswebstudio.com\/de\/wp-json\/wp\/v2\/pages\/4730\/revisions"}],"wp:attachment":[{"href":"https:\/\/swisswebstudio.com\/de\/wp-json\/wp\/v2\/media?parent=4730"}],"curies":[{"name":"wp","href":"https:\/\/api.w.org\/{rel}","templated":true}]}}