{"id":2376,"date":"2024-09-05T15:25:23","date_gmt":"2024-09-05T13:25:23","guid":{"rendered":"https:\/\/swisswebstudio.com\/merci-citation\/"},"modified":"2024-09-05T15:26:50","modified_gmt":"2024-09-05T13:26:50","slug":"merci-citation","status":"publish","type":"page","link":"https:\/\/swisswebstudio.com\/fr\/merci-citation\/","title":{"rendered":"Merci Citation"},"content":{"rendered":"\t\t<div data-elementor-type=\"wp-page\" data-elementor-id=\"2376\" class=\"elementor elementor-2376 elementor-2373\" data-elementor-post-type=\"page\">\n\t\t\t\t\t\t<section class=\"elementor-section elementor-top-section elementor-element elementor-element-0259a4a elementor-section-height-min-height elementor-section-content-middle elementor-section-boxed elementor-section-height-default elementor-section-items-middle\" data-id=\"0259a4a\" data-element_type=\"section\" data-e-type=\"section\" data-settings=\"{&quot;background_background&quot;:&quot;classic&quot;}\">\n\t\t\t\t\t\t\t<div class=\"elementor-background-overlay\"><\/div>\n\t\t\t\t\t\t\t<div class=\"elementor-container elementor-column-gap-no\">\n\t\t\t\t\t<div class=\"elementor-column elementor-col-100 elementor-top-column elementor-element elementor-element-7f98955\" data-id=\"7f98955\" data-element_type=\"column\" data-e-type=\"column\" data-settings=\"{&quot;background_background&quot;:&quot;classic&quot;}\">\n\t\t\t<div class=\"elementor-widget-wrap elementor-element-populated\">\n\t\t\t\t\t\t<div class=\"elementor-element elementor-element-3e08dc8 elementor-widget elementor-widget-heading\" data-id=\"3e08dc8\" data-element_type=\"widget\" data-e-type=\"widget\" data-widget_type=\"heading.default\">\n\t\t\t\t<div class=\"elementor-widget-container\">\n\t\t\t\t\t<h1 class=\"elementor-heading-title elementor-size-default\">Merci de votre attention.<\/h1>\t\t\t\t<\/div>\n\t\t\t\t<\/div>\n\t\t\t\t\t<\/div>\n\t\t<\/div>\n\t\t\t\t\t<\/div>\n\t\t<\/section>\n\t\t<div class=\"elementor-element elementor-element-d9a48b0 e-flex e-con-boxed e-con e-parent\" data-id=\"d9a48b0\" data-element_type=\"container\" data-e-type=\"container\">\n\t\t\t\t\t<div class=\"e-con-inner\">\n\t\t\t\t<div class=\"elementor-element elementor-element-8056557 elementor-widget elementor-widget-text-editor\" data-id=\"8056557\" data-element_type=\"widget\" data-e-type=\"widget\" data-widget_type=\"text-editor.default\">\n\t\t\t\t<div class=\"elementor-widget-container\">\n\t\t\t\t\t\t\t\t\t<h2 class=\"wp-block-heading\">Merci de demander un devis !<\/h2>\n<p>L&rsquo;int\u00e9r\u00eat que vous portez \u00e0 nos services est tr\u00e8s important pour nous et nous avons enregistr\u00e9 vos donn\u00e9es avec succ\u00e8s. Nous vous contacterons dans les plus brefs d\u00e9lais pour vous fournir de plus amples informations ou vous aider \u00e0 compl\u00e9ter votre demande.<\/p>\n<p>Dans l&rsquo;intervalle, n&rsquo;h\u00e9sitez pas \u00e0 nous contacter si vous avez besoin d&rsquo;une assistance suppl\u00e9mentaire ou si vous avez des questions. Nous sommes toujours \u00e0 votre disposition.<\/p>\n<p>Merci encore d&rsquo;avoir choisi de travailler avec nous. Nous sommes heureux d&rsquo;avoir pu vous aider.<\/p>\n\t\t\t\t\t\t\t\t<\/div>\n\t\t\t\t<\/div>\n\t\t\t\t\t<\/div>\n\t\t\t\t<\/div>\n\t\t\t\t<\/div>\n\t\t","protected":false},"excerpt":{"rendered":"<p>Merci de votre attention. Merci de demander un devis ! L&rsquo;int\u00e9r\u00eat que vous portez \u00e0 nos services est tr\u00e8s important pour nous et nous avons enregistr\u00e9 vos donn\u00e9es avec succ\u00e8s. Nous vous contacterons dans les plus brefs d\u00e9lais pour vous fournir de plus amples informations ou vous aider \u00e0 compl\u00e9ter votre demande. Dans l&rsquo;intervalle, n&rsquo;h\u00e9sitez [&hellip;]<\/p>\n","protected":false},"author":2,"featured_media":0,"parent":0,"menu_order":0,"comment_status":"closed","ping_status":"closed","template":"elementor_header_footer","meta":{"_seopress_robots_primary_cat":"","_seopress_titles_title":"","_seopress_titles_desc":"","_seopress_robots_index":"","footnotes":""},"class_list":["post-2376","page","type-page","status-publish","hentry"],"_links":{"self":[{"href":"https:\/\/swisswebstudio.com\/fr\/wp-json\/wp\/v2\/pages\/2376","targetHints":{"allow":["GET"]}}],"collection":[{"href":"https:\/\/swisswebstudio.com\/fr\/wp-json\/wp\/v2\/pages"}],"about":[{"href":"https:\/\/swisswebstudio.com\/fr\/wp-json\/wp\/v2\/types\/page"}],"author":[{"embeddable":true,"href":"https:\/\/swisswebstudio.com\/fr\/wp-json\/wp\/v2\/users\/2"}],"replies":[{"embeddable":true,"href":"https:\/\/swisswebstudio.com\/fr\/wp-json\/wp\/v2\/comments?post=2376"}],"version-history":[{"count":0,"href":"https:\/\/swisswebstudio.com\/fr\/wp-json\/wp\/v2\/pages\/2376\/revisions"}],"wp:attachment":[{"href":"https:\/\/swisswebstudio.com\/fr\/wp-json\/wp\/v2\/media?parent=2376"}],"curies":[{"name":"wp","href":"https:\/\/api.w.org\/{rel}","templated":true}]}}