{"id":4732,"date":"2025-04-14T13:37:52","date_gmt":"2025-04-14T11:37:52","guid":{"rendered":"https:\/\/swisswebstudio.com\/%f0%9f%8c%90-hebergement-suisse-securise-rapide-et-ecologique\/"},"modified":"2025-04-14T13:50:10","modified_gmt":"2025-04-14T11:50:10","slug":"%f0%9f%8c%90-hebergement-suisse-securise-rapide-et-ecologique","status":"publish","type":"page","link":"https:\/\/swisswebstudio.com\/fr\/%f0%9f%8c%90-hebergement-suisse-securise-rapide-et-ecologique\/","title":{"rendered":"\ud83c\udf10 H\u00e9bergement suisse s\u00e9curis\u00e9, rapide et \u00e9cologique"},"content":{"rendered":"\n<h3 class=\"wp-block-heading\">Votre site web h\u00e9berg\u00e9 en Suisse avec Swiss Web Studio<\/h3>\n\n<p>Faites confiance \u00e0 Swiss Web Studio pour un h\u00e9bergement professionnel garantissant s\u00e9curit\u00e9, performance et durabilit\u00e9. En tant que <strong>partenaire officiel d&rsquo;Infomaniak<\/strong>, le leader suisse du cloud \u00e9thique, nous vous proposons des solutions d&rsquo;h\u00e9bergement optimis\u00e9es pour WordPress et conformes \u00e0 la GDPR. <\/p>\n\n<hr class=\"wp-block-separator has-alpha-channel-opacity\"\/>\n\n<h3 class=\"wp-block-heading\">\ud83d\udd10 La s\u00e9curit\u00e9 et la protection de la vie priv\u00e9e d&rsquo;abord<\/h3>\n\n<ul class=\"wp-block-list\">\n<li>H\u00e9bergement <strong>100% suisse<\/strong>: vos donn\u00e9es sont h\u00e9berg\u00e9es exclusivement en Suisse, en conformit\u00e9 avec les lois locales et le GDPR.<\/li>\n\n\n\n<li><strong>Certificats SSL gratuits<\/strong>: protection automatique de votre site et des donn\u00e9es de vos utilisateurs.<\/li>\n\n\n\n<li><strong>Sauvegardes quotidiennes<\/strong>: s\u00e9curit\u00e9 garantie gr\u00e2ce aux sauvegardes automatiques de vos donn\u00e9es.<\/li>\n<\/ul>\n\n<hr class=\"wp-block-separator has-alpha-channel-opacity\"\/>\n\n<h3 class=\"wp-block-heading\">\u26a1 Performance et fiabilit\u00e9<\/h3>\n\n<ul class=\"wp-block-list\">\n<li><strong>Serveurs optimis\u00e9s pour WordPress<\/strong>: vitesse et stabilit\u00e9 maximales pour votre site.<\/li>\n\n\n\n<li>Des <strong>centres de donn\u00e9es<\/strong> \u00e0 la pointe de la technologie : une infrastructure moderne garantissant une disponibilit\u00e9 \u00e9lev\u00e9e et des temps de r\u00e9ponse rapides.<\/li>\n\n\n\n<li><strong>Assistance technique 7\/7<\/strong>: une assistance professionnelle est toujours disponible pour r\u00e9pondre \u00e0 vos besoins.<\/li>\n<\/ul>\n\n<hr class=\"wp-block-separator has-alpha-channel-opacity\"\/>\n\n<h3 class=\"wp-block-heading\">\ud83c\udf31 H\u00e9bergement \u00e9cologique et durable<\/h3>\n\n<p>Infomaniak est reconnu pour son engagement environnemental<a href=\"https:\/\/www.infomaniak.com\/en?utm_source=chatgpt.com\" target=\"_blank\" rel=\"noreferrer noopener\">:infomaniak.com+2infomaniak.com+2infomaniak.com+2<\/a><\/p>\n\n<ul class=\"wp-block-list\">\n<li><strong>100% d&rsquo;\u00e9nergie renouvelable<\/strong>: les centres de donn\u00e9es sont aliment\u00e9s exclusivement par des sources vertes certifi\u00e9es<a href=\"https:\/\/www.infomaniak.com\/en?utm_source=chatgpt.com\" target=\"_blank\" rel=\"noreferrer noopener\">.infomaniak.com<\/a><\/li>\n\n\n\n<li><strong>Refroidissement naturel<\/strong>: utilisation de l&rsquo;air ext\u00e9rieur filtr\u00e9 pour r\u00e9duire la consommation d&rsquo;\u00e9nergie<a href=\"https:\/\/news.infomaniak.com\/it\/web-ecologico\/?utm_source=chatgpt.com\" target=\"_blank\" rel=\"noreferrer noopener\">.Infomaniak Network News+1Infomaniak Network News+1<\/a><\/li>\n\n\n\n<li><strong>R\u00e9cup\u00e9ration de la<\/strong> chaleur : la chaleur produite est r\u00e9utilis\u00e9e pour chauffer les habitations locales, contribuant ainsi \u00e0 la durabilit\u00e9 environnementale<a href=\"https:\/\/news.infomaniak.com\/it\/infomaniak-inaugura-un-data-center-rivoluzionario-che-valorizza-100-della-energia-utilizzata-per-riscaldare-gli-edificiinfomaniak-ha-sviluppato-un-data-center-in-grado-di-valorizzare-il-100-dell\/?utm_source=chatgpt.com\" target=\"_blank\" rel=\"noreferrer noopener\">.Infomaniak Network News<\/a><\/li>\n<\/ul>\n\n<hr class=\"wp-block-separator has-alpha-channel-opacity\"\/>\n\n<h3 class=\"wp-block-heading\">\ud83e\udd1d Pourquoi choisir Swiss Web Studio<\/h3>\n\n<ul class=\"wp-block-list\">\n<li><strong>Partenaire officiel Infomaniak<\/strong>: coop\u00e9ration directe avec le principal fournisseur suisse.<\/li>\n\n\n\n<li><strong>Solutions sur mesure<\/strong>: h\u00e9bergement personnalis\u00e9 en fonction de vos besoins sp\u00e9cifiques.<\/li>\n\n\n\n<li><strong>Transparence et fiabilit\u00e9<\/strong>: pas de co\u00fbts cach\u00e9s et une clart\u00e9 maximale dans les services offerts.<\/li>\n<\/ul>\n\n<hr class=\"wp-block-separator has-alpha-channel-opacity\"\/>\n\n<h3 class=\"wp-block-heading\">\ud83d\ude80 Migrer votre site avec nous<\/h3>\n\n<p>Passez \u00e0 un h\u00e9bergement suisse s\u00e9curis\u00e9 et respectueux de l&rsquo;environnement. Contactez-nous pour une consultation gratuite et d\u00e9couvrez comment am\u00e9liorer la performance de votre site web. <\/p>\n\n<p>\ud83d\udc49 <a href=\"https:\/\/swisswebstudio.com\/fr\/demander-une-offre\/\" data-type=\"page\" data-id=\"607\">Demandez une consultation gratuite<\/a><\/p>\n","protected":false},"excerpt":{"rendered":"<p>Votre site web h\u00e9berg\u00e9 en Suisse avec Swiss Web Studio Faites confiance \u00e0 Swiss Web Studio pour un h\u00e9bergement professionnel garantissant s\u00e9curit\u00e9, performance et durabilit\u00e9. En tant que partenaire officiel d&rsquo;Infomaniak, le leader suisse du cloud \u00e9thique, nous vous proposons des solutions d&rsquo;h\u00e9bergement optimis\u00e9es pour WordPress et conformes \u00e0 la GDPR. \ud83d\udd10 La s\u00e9curit\u00e9 et [&hellip;]<\/p>\n","protected":false},"author":2,"featured_media":0,"parent":0,"menu_order":0,"comment_status":"closed","ping_status":"closed","template":"","meta":{"_seopress_robots_primary_cat":"","_seopress_titles_title":"H\u00e9bergement s\u00e9curis\u00e9 et \u00e9cologique de WordPress en Suisse - Swiss Web Studio","_seopress_titles_desc":"D\u00e9couvrez l'h\u00e9bergement suisse sur Swiss Web Studio: s\u00e9curit\u00e9 GDPR, haute performance et durabilit\u00e9 environnementale avec 100% d'\u00e9nergie renouvelable.","_seopress_robots_index":"","footnotes":""},"class_list":["post-4732","page","type-page","status-publish","hentry"],"_links":{"self":[{"href":"https:\/\/swisswebstudio.com\/fr\/wp-json\/wp\/v2\/pages\/4732","targetHints":{"allow":["GET"]}}],"collection":[{"href":"https:\/\/swisswebstudio.com\/fr\/wp-json\/wp\/v2\/pages"}],"about":[{"href":"https:\/\/swisswebstudio.com\/fr\/wp-json\/wp\/v2\/types\/page"}],"author":[{"embeddable":true,"href":"https:\/\/swisswebstudio.com\/fr\/wp-json\/wp\/v2\/users\/2"}],"replies":[{"embeddable":true,"href":"https:\/\/swisswebstudio.com\/fr\/wp-json\/wp\/v2\/comments?post=4732"}],"version-history":[{"count":0,"href":"https:\/\/swisswebstudio.com\/fr\/wp-json\/wp\/v2\/pages\/4732\/revisions"}],"wp:attachment":[{"href":"https:\/\/swisswebstudio.com\/fr\/wp-json\/wp\/v2\/media?parent=4732"}],"curies":[{"name":"wp","href":"https:\/\/api.w.org\/{rel}","templated":true}]}}